{"id":3034,"date":"2017-09-30T09:50:57","date_gmt":"2017-09-30T07:50:57","guid":{"rendered":"http:\/\/www.salondulivre-pyreneen.fr\/?page_id=3034"},"modified":"2021-05-23T12:29:40","modified_gmt":"2021-05-23T10:29:40","slug":"les-laureats-des-prix-2016","status":"publish","type":"page","link":"http:\/\/www.salondulivre-pyreneen.fr\/?page_id=3034","title":{"rendered":"Les laur\u00e9ats des prix 2016"},"content":{"rendered":"<p>&nbsp;<\/p>\n<h3>EN SAVOIR PLUS SUR LES OUVRAGES PRIM\u00c9S EN 2016<\/h3>\n<p><strong>PRIX DU LIVRE PYR\u00c9N\u00c9EN 2016<\/strong><br \/>\nIl met en valeur un ouvrage constituant un apport cons\u00e9quent pour la valorisation ou la connaissance des mondes pyr\u00e9n\u00e9ens ou d\u2019un de leurs aspects.<\/p>\n<p>Il a \u00e9t\u00e9 attribu\u00e9 \u00e0<br \/>\n<strong>&#8220;Quatre cercueils, deux noirs, deux blancs&#8221;<\/strong><br \/>\nPep Coll<br \/>\nActes Sud, <em>2015, 420\u00a0p.<\/em><\/p>\n<p><em>Pep Coll, dans ce que l\u2019on peut pr\u00e9senter comme un docu-fiction, nous emm\u00e8ne dans le Pallars Juss\u00e0 des Pyr\u00e9n\u00e9es Catalanes. En 1943 aux masies de Carreu, une famille &#8211; les parents et leurs deux enfants &#8211; est sauvagement assassin\u00e9e. Les meurtriers restent impunis. L\u2019auteur m\u00e8ne l\u2019enqu\u00eate, protagoniste par protagoniste, depuis le lointain propri\u00e9taire barcelonais et ses descendants jusqu\u2019\u00e0 l\u2019assassin en passant par les victimes, les t\u00e9moins et les acteurs judiciaires, sans empathie et en gardant avec chacun d\u2019eux la m\u00eame distance. Gr\u00e2ce \u00e0 cette distance vis \u00e0 vis de ses personnages, l\u2019auteur met \u00e0 jour les ruptures induites par la guerre civile espagnole tant au niveau familial, social que politique.\u00a0Bien que romanc\u00e9, ce r\u00e9cit d\u2019un fait divers r\u00e9el fait entrer le lecteur dans les pesanteurs, les silences, et les occultations du pays sous le franquisme. En m\u00eame temps, il montre \u00e0 voir les \u00e9volutions tant des paysages que de la soci\u00e9t\u00e9, en particulier la d\u00e9prise rurale des Pyr\u00e9n\u00e9es espagnoles. Le devenir forestier de la Sierra de Bou Mort que l\u2019auteur \u00e9voque au d\u00e9but et \u00e0 la fin de son livre rappelle que l\u2019enqu\u00eate ne se r\u00e9duit pas au temps du meurtre ni \u00e0 celui de son \u00e9lucidation mais concerne l\u2019ensemble de la soci\u00e9t\u00e9 dans la longue dur\u00e9e des ann\u00e9es 40 aux ann\u00e9es 2000.<\/em><br \/>\n<em>L\u2019\u00e9criture sobre et percutante de Pep Coll embarque le lecteur.<\/em><\/p>\n<p><em><strong>PRIX DU LIVRE PYR\u00c9N\u00c9EN LITT\u00c9RATURE<br \/>\n<\/strong><\/em>Distingue un ouvrage litt\u00e9raire <em>(fictions, r\u00e9cit\u2026)<\/em> ayant pour sujet ou cadre les Pyr\u00e9n\u00e9es.<\/p>\n<p>Il a \u00e9t\u00e9 attribu\u00e9 \u00e0<br \/>\n<strong>&#8220;Le Mont Perclus de ma solitude&#8221;\u2028<\/strong><br \/>\nFred L\u00e9al<br \/>\nP.O.L, <em>2015,\u00a0non pagin\u00e9<\/em><\/p>\n<p><em>&#8220;C\u2019est l\u00e0, dans un appartement de Washington avenue, \u00e0 Brooklin, que l\u2019id\u00e9e et les premi\u00e8res pages de ce livre me sont venues. La perspective sur les Pyr\u00e9n\u00e9es y \u00e9tait sublime&#8221; Dans ces quelques lignes explicatives, Fred L\u00e9al donne le ton de l\u2019\u00e9tranget\u00e9 de son roman. Exp\u00e9rience litt\u00e9raire, BD sans image, l\u2019ouverture de ce livre surprend, d\u00e9sar\u00e7onne, d\u00e9roche. A premi\u00e8re vue, le texte semble illisible avec ses multiples typographies, ses bouts de phrases qui s\u2019aggrippent ici ou l\u00e0, ses surimpressions, ses mots coup\u00e9s, ses grands blancs comme du brouillard.\u00a0Comme le matin les premiers pas r\u00e9veillent le marcheur, les premi\u00e8res pages \u00e9veillent la curiosit\u00e9 du lecteur qui doit se laisser happer par la pente du livre.\u00a0Ce r\u00e9cit d\u2019une ascension au Mont Perdu, aux nombreuses r\u00e9f\u00e9rences pyr\u00e9n\u00e9istes, joue et d\u00e9tourne les codes et les attendus du livre d\u2019alpinisme. \u00ab\u00a0Braoum\u00a0\u00bb\u00a0: l\u2019orage est l\u00e0\u00a0; les alpinistes disparaissent \u00e9trangement quand le romancier le d\u00e9cide. Fred L\u00e9al nous plonge dans nos quotidiens aux sonorit\u00e9s multiples gr\u00e2ce \u00e0 ses choix et jeux typographiques.\u00a0Un exercice de lecture qui donne du plaisir, un livre plein d\u2019humour (et d\u2019humour noir!), une trivialit\u00e9, un rire, un cynisme qui emporte tel une avalanche la puret\u00e9 de l\u2019ascension en montagne.\u00a0Cet ovni litt\u00e9raire, au caract\u00e8re pyr\u00e9n\u00e9en \u00e9vident, ne doit pas passer inaper\u00e7u, et c\u2019est l\u2019objectif litt\u00e9raire que de faire d\u00e9couvrir un ouvrage aussi peu ordinaire et de qualit\u00e9.<\/em><\/p>\n<p><strong>PRIX DU LIVRE PYR\u00c9N\u00c9EN<\/strong>\u00a0<strong>GUIDE<br \/>\n<\/strong>R\u00e9compense un ouvrage permettant de d\u00e9couvrir en pratique les r\u00e9alit\u00e9s pyr\u00e9n\u00e9ennes, dans quelque domaine que ce soit, du topo guide au livre de cuisine en passant par les atlas&#8230;<\/p>\n<p>Il a \u00e9t\u00e9 attribu\u00e9 \u00e0<br \/>\n<strong>&#8220;Lignes de fuite. Pyr\u00e9n\u00e9es centrales. Itin\u00e9raires d&#8217;escalades en Haut-Adour, Aure, Louron, Luchonnais&#8221;<\/strong><br \/>\nPascal Ravier,\u00a0Jean-Pierre Pujol<br \/>\nEditions Cairn, <em>2016, 264\u00a0p.<\/em><\/p>\n<p><em>Montagnes connues, reconnues et toujours \u00e0 d\u00e9couvrir, tel est le pari que r\u00e9ussissent Pascal Ravier et Jean-Pierre Pujol dans ce guide d\u2019alpinisme pas comme les autres. Les informations que nous attendons d\u2019un topoguide, elles y sont forc\u00e9ment. Les auteurs nous offrent en plus leur approche sensible et personnelle de l\u2019escalade en montagne et inscrivent leur pratique dans le quotidien et l\u2019\u00e9ph\u00e9m\u00e8re du monde. Ils retissent le lien entre le nom des voies ouvertes et les \u00e9v\u00e9nements auquel il se rapporte. A c\u00f4t\u00e9 de grandes classiques, ils nous font d\u00e9couvrir dans ces vieux pays du Haut Adour, d\u2019Aure, du Louron et du Luchonais, des courses originales et nouvelles.\u00a0D\u2019usage pratique (un pays, une couleur), ce guide est esth\u00e9tiquement r\u00e9ussi. Photos, dessins, mise en page, facilit\u00e9 de lecture\u00a0: une v\u00e9ritable invit au voyage vertical, peut \u00eatre m\u00eame pour ceux qui ne grimpent pas.\u00a0Comme l\u2019\u00e9crit Olivier Delord dans la pr\u00e9face, \u00ab\u00a0ce n\u2019est pas un topo comme les autres, froid et technique, priv\u00e9 de racines et de perspectives\u00a0\u00bb. N\u2019ouvre t-il pas une voie de r\u00e9flexion pour le devenir des topoguides imprim\u00e9s \u00e0 cette heure ou l\u2019internet donne tous les renseignements pratiques\u00a0en un clic ?<\/em><\/p>\n<p><strong>PRIX DU LIVRE PYR\u00c9N\u00c9EN BINAROS<\/strong><br \/>\nIl met en valeur un ouvrage traitant des Pyr\u00e9n\u00e9es, \u00e0 la marge des genres d\u00e9j\u00e0 d\u00e9finis.<\/p>\n<p>ll a \u00e9t\u00e9 attribu\u00e9 \u00e0<br \/>\n<strong>&#8220;L&#8217;\u00e9criture du temps. Gavarnie, Ordesa, Estaub\u00e9, Troumouse, Pineta, Barroude, Escuain&#8221;\u2028<\/strong><br \/>\nPierre Meyer<br \/>\nJours des Arts &#8211; Parc National des Pyr\u00e9n\u00e9es, <em>2016, 120\u00a0 p.<\/em><\/p>\n<p><em>Difficile de sortir des sentiers battus de la photographie de montagne. Pierre Meyer, avec ce livre centr\u00e9 sur le syst\u00e8me g\u00e9omorphologique Gavarnie-Mont Perdu, r\u00e9ussi le tour de force. Ses photographies en noir et blanc, volontairement contrast\u00e9es, permettent au lecteur d\u2019aiguiser son regard g\u00e9ologique. Il nous emm\u00e8ne \u00e0 travers failles, cassures, plissements, sommets, gorges et br\u00e8ches dans les tous les cirques du massif.\u00a0Les jeux entre ombre et lumi\u00e8re, entre vues panoramiques et gros plans sur les roches et leurs dessins font entrer le regardeur dans l\u2019intimit\u00e9 de la mati\u00e8re.\u00a0L\u2019image, fixation d\u2019un instant pr\u00e9cis permet de rentrer dans les profondeurs du temps g\u00e9ologique, de le traduire. Les photos de Pierre Meyer r\u00e9ussissent \u00e0 animer ces masses rocheuses et ces paysages min\u00e9raux.\u00a0S\u2019il ne renouvelle pas la connaissance de la g\u00e9ologie des Pyr\u00e9n\u00e9es il la rend accessible au plus grand nombre gr\u00e2ce \u00e0 des textes simples et \u00e9vocateurs. La combinaison de ces deux \u00e9l\u00e9ments, textes et photographies, donne un livre \u00e0 l\u2019aspect \u00e0 la fois didactique, \u00e9trange et po\u00e9tique. Le travail de mise en page adapt\u00e9 \u00e0 chaque photographie et la qualit\u00e9 de l\u2019impression font de cet objet un livre sobre, vivant et beau. Les images de Pierre Meyer, fortes et puissantes invitent le lecteur et le marcheur \u00e0 regarder autrement ces montagnes mille fois vues.<\/em><\/p>\n<p>&nbsp;<\/p>\n<p><strong>Contacts presse\u00a0 :<\/strong><br \/>\nMaryvonne Giraud 06 82 56 79 74<br \/>\nRenaud de Bellefon 06 86 78 93 25<\/p>\n<p>&nbsp;<\/p>\n<h3>PRIX DU LIVRE PYR\u00c9N\u00c9EN<\/h3>\n<table class=\"tg\">\n<tbody>\n<tr>\n<th class=\"tg-obbk\">Ann\u00e9e<\/th>\n<th class=\"tg-015u\">Auteur<\/th>\n<th class=\"tg-015u\">Ouvrage<\/th>\n<th class=\"tg-015u\">\u00c9diteur<\/th>\n<\/tr>\n<tr>\n<td class=\"tg-91lf\">2010<\/td>\n<td class=\"tg-031e\">Joseph Can\u00e9rot<\/td>\n<td class=\"tg-c9cr\">Les Pyr\u00e9n\u00e9es\u00a0: Histoire g\u00e9ologique (tome I) et Itin\u00e9raires de d\u00e9couvertes (tome II)<\/td>\n<td class=\"tg-031e\">Atlantica<\/td>\n<\/tr>\n<tr>\n<td class=\"tg-91lf\">2011<\/td>\n<td class=\"tg-031e\">ex \u00e6quo :<br \/>\n_Alain Boneton<br \/>\n_Patrice Poujade<\/td>\n<td class=\"tg-c9cr\">_Gavarnie, histoire d&#8217;un grand site<br \/>\n_Le voisin et le migrant: Hommes et circulation dans les Pyr\u00e9n\u00e9es modernes (XVIe-XIXe si\u00e8cle)<\/td>\n<td class=\"tg-031e\">_Le Pas d&#8217;Oiseau<br \/>\n_Presses universitaires de Rennes<\/td>\n<\/tr>\n<tr>\n<td class=\"tg-91lf\">2012<\/td>\n<td class=\"tg-031e\">Magali Rieu<\/td>\n<td class=\"tg-c9cr\">Enll\u00e0 de la p\u00e0tria \/ Au-del\u00e0 de la patrie<\/td>\n<td class=\"tg-031e\">Archives d\u00e9partementales des Pyr\u00e9n\u00e9es Orientales<\/td>\n<\/tr>\n<tr>\n<td class=\"tg-91lf\">2013<\/td>\n<td class=\"tg-031e\">Robert Bosch (texte) et No\u00ebl Hautemani\u00e8re<\/td>\n<td class=\"tg-c9cr\">Les f\u00eates de l\u2019Ours en Vallespir<\/td>\n<td class=\"tg-031e\">Trabucaire<\/td>\n<\/tr>\n<tr>\n<td class=\"tg-91lf\">2014<\/td>\n<td class=\"tg-031e\">Leah Bosquet (photographies) et Claude Dubois (texte)<\/td>\n<td class=\"tg-c9cr\">Entre cimes et ab\u00eemes : l\u2019empreinte des mineurs pyr\u00e9n\u00e9ens<\/td>\n<td class=\"tg-031e\">Editions Pas d\u2019Oiseau<\/td>\n<\/tr>\n<tr>\n<td class=\"tg-91lf\">2015<\/td>\n<td class=\"tg-031e\">V\u00e9ronique Lamazou-Duplan<\/td>\n<td class=\"tg-c9cr\">Sign\u00e9 F\u00e9bus, comte de Foix, Prince de B\u00e9arn<\/td>\n<td class=\"tg-031e\">Somogy \u00e9ditions d&#8217;Art<\/td>\n<\/tr>\n<tr>\n<td class=\"tg-91lf\">2016<\/td>\n<td class=\"tg-031e\">Pep Coll<\/td>\n<td class=\"tg-c9cr\">Quatre cercueils, deux noirs, deux blancs<\/td>\n<td class=\"tg-031e\">Actes Sud<\/td>\n<\/tr>\n<\/tbody>\n<\/table>\n<p>&nbsp;<\/p>\n<h3>PRIX LITT\u00c9RATURE PYR\u00c9N\u00c9ES<\/h3>\n<table class=\"tg\">\n<tbody>\n<tr>\n<th class=\"tg-obbk\">Ann\u00e9e<\/th>\n<th class=\"tg-015u\">Auteur<\/th>\n<th class=\"tg-015u\">Ouvrage<\/th>\n<th class=\"tg-015u\">\u00c9diteur<\/th>\n<\/tr>\n<tr>\n<td class=\"tg-91lf\">2010<\/td>\n<td class=\"tg-031e\">Severino Pallaruelo (traduction de l\u2019espagnol\u00a0: H\u00e9l\u00e8ne Michoux et Charles M\u00e9rigot)<\/td>\n<td class=\"tg-c9cr\">Tristes montagnes (Pirineos, tristes montes)<\/td>\n<td class=\"tg-031e\">la Ramonda<\/td>\n<\/tr>\n<tr>\n<td class=\"tg-91lf\">2011<\/td>\n<td class=\"tg-031e\">Bernard Minier<\/td>\n<td class=\"tg-c9cr\">Glac\u00e9<\/td>\n<td class=\"tg-031e\">XO \u00e9ditions<\/td>\n<\/tr>\n<tr>\n<td class=\"tg-91lf\">2012<\/td>\n<td class=\"tg-031e\">Djalla-Maria Longa<\/td>\n<td class=\"tg-c9cr\">Mon enfance sauvage<\/td>\n<td class=\"tg-031e\">Gl\u00e9nat<\/td>\n<\/tr>\n<tr>\n<td class=\"tg-91lf\">2013<\/td>\n<td class=\"tg-031e\">Pierre Mora<\/td>\n<td class=\"tg-c9cr\">Un caillou dans la chaussure<\/td>\n<td class=\"tg-031e\">Gypa\u00e8te (collection Les Marmottes hibernent aussi)<\/td>\n<\/tr>\n<tr>\n<td class=\"tg-91lf\">2014<\/td>\n<td class=\"tg-031e\">Gil Graff<\/td>\n<td class=\"tg-c9cr\">Personne ne parlera de nous lorsque nous serons morts<\/td>\n<td class=\"tg-031e\">Editions Ultima Necat<\/td>\n<\/tr>\n<tr>\n<td class=\"tg-91lf\">2015<\/td>\n<td class=\"tg-031e\">Denise D\u00e9jean<\/td>\n<td class=\"tg-c9cr\">Femmes en leurs jardins<\/td>\n<td class=\"tg-031e\">Editions Elan Sud<\/td>\n<\/tr>\n<tr>\n<td class=\"tg-91lf\">2016<\/td>\n<td class=\"tg-031e\">Fred L\u00e9al<\/td>\n<td class=\"tg-c9cr\">Le Mont Perclus de ma solitude<\/td>\n<td class=\"tg-031e\">P.O.L<\/td>\n<\/tr>\n<\/tbody>\n<\/table>\n<p>&nbsp;<\/p>\n<h3>PRIX DU GUIDE PYR\u00c9N\u00c9EN<\/h3>\n<table class=\"tg\">\n<tbody>\n<tr>\n<th class=\"tg-obbk\">Ann\u00e9e<\/th>\n<th class=\"tg-015u\">Auteur<\/th>\n<th class=\"tg-015u\">Ouvrage<\/th>\n<th class=\"tg-015u\">\u00c9diteur<\/th>\n<\/tr>\n<tr>\n<td class=\"tg-91lf\">2010<\/td>\n<td class=\"tg-031e\">Olivier de Marliave<\/td>\n<td class=\"tg-c9cr\">Les f\u00eates des Pyr\u00e9n\u00e9es<\/td>\n<td class=\"tg-031e\">Sud-Ouest<\/td>\n<\/tr>\n<tr>\n<td class=\"tg-91lf\">2011<\/td>\n<td class=\"tg-031e\">coordination de Robert Sablayrolles avec la collaboration de Marie Laure Maraval<\/td>\n<td class=\"tg-c9cr\">Guide arch\u00e9ologique de Midi-Pyr\u00e9n\u00e9es\u00a0: 1000 av. J.C. \/ 1000 ap. J.C.<\/td>\n<td class=\"tg-031e\">F\u00e9d\u00e9ration Aquitania<\/td>\n<\/tr>\n<tr>\n<td class=\"tg-91lf\">2012<\/td>\n<td class=\"tg-031e\">Coordonn\u00e9 par Sylvain Fr\u00e9maux et Jean Rami\u00e8re<\/td>\n<td class=\"tg-c9cr\">Atlas des oiseaux nicheurs de Midi-Pyr\u00e9n\u00e9es<\/td>\n<td class=\"tg-031e\">Delachaux et Niestl\u00e9 \/ Nature Midi-Pyr\u00e9n\u00e9es<\/td>\n<\/tr>\n<tr>\n<td class=\"tg-91lf\">2013<\/td>\n<td class=\"tg-031e\">Laurent Lafforgue<\/td>\n<td class=\"tg-c9cr\">Les Pyr\u00e9n\u00e9es en faces, tome 2<\/td>\n<td class=\"tg-031e\">Hors Sentiers<\/td>\n<\/tr>\n<tr>\n<td class=\"tg-91lf\">2015<\/td>\n<td class=\"tg-031e\">Denis Mirouse, Pascal Audabram<\/td>\n<td class=\"tg-c9cr\">Ch\u00e2teaux et forts m\u00e9di\u00e9vaux en Couserans. Une initiation \u00e0 la d\u00e9couverte<\/td>\n<td class=\"tg-031e\">Editions Le Pas d&#8217;Oiseau<\/td>\n<\/tr>\n<tr>\n<td class=\"tg-91lf\">2016<\/td>\n<td class=\"tg-031e\">Pascal Ravier, Jean-Pierre Pujol<\/td>\n<td class=\"tg-c9cr\">Lignes de fuite. Pyr\u00e9n\u00e9es centrales. Itin\u00e9raires d\u2019escalades en Haut-Adour, Aure, Louron, Luchonnais<\/td>\n<td class=\"tg-031e\">Editions Cairn<\/td>\n<\/tr>\n<\/tbody>\n<\/table>\n<p>&nbsp;<\/p>\n<h3>PRIX DU LIVRE PYR\u00c9N\u00c9EN BINAROS<\/h3>\n<table class=\"tg\">\n<tbody>\n<tr>\n<th class=\"tg-obbk\">Ann\u00e9e<\/th>\n<th class=\"tg-015u\">Auteur<\/th>\n<th class=\"tg-015u\">Ouvrage<\/th>\n<th class=\"tg-015u\">\u00c9diteur<\/th>\n<\/tr>\n<tr>\n<td class=\"tg-91lf\">2015<\/td>\n<td class=\"tg-031e\">Marie Bruneau, Bertrand Genier<\/td>\n<td class=\"tg-c9cr\">Passages, les Pyr\u00e9n\u00e9es du nord au sud et r\u00e9ciproquement<\/td>\n<td class=\"tg-031e\">Editions Cairn<\/td>\n<\/tr>\n<tr>\n<td class=\"tg-91lf\">2016<\/td>\n<td class=\"tg-031e\">Pierre Meyer<\/td>\n<td class=\"tg-c9cr\">L\u2019\u00e9criture du temps. Gavarnie, Ordesa, Estaub\u00e9, Troumouse, Pineta, Barroude, Escuain<\/td>\n<td class=\"tg-031e\">Jours des Arts \u2013 Parc National des Pyr\u00e9n\u00e9es<\/td>\n<\/tr>\n<\/tbody>\n<\/table>\n<p>&nbsp;<\/p>\n<h3>PRIX JEUNESSE PYR\u00c9N\u00c9ES<\/h3>\n<table class=\"tg\">\n<tbody>\n<tr>\n<th class=\"tg-obbk\">Ann\u00e9e<\/th>\n<th class=\"tg-015u\">Auteur<\/th>\n<th class=\"tg-015u\">Ouvrage<\/th>\n<th class=\"tg-015u\">\u00c9diteur<\/th>\n<\/tr>\n<tr>\n<td class=\"tg-91lf\">2011<\/td>\n<td class=\"tg-031e\">texte de Rapha\u00eblle Jessic, illustrations de Laurent Gaulhiac<\/td>\n<td class=\"tg-c9cr\">Laurent le berger<\/td>\n<td class=\"tg-031e\">De plaines en Vall\u00e9es<\/td>\n<\/tr>\n<tr>\n<td class=\"tg-91lf\">2014<\/td>\n<td class=\"tg-031e\">Philippe Villette, Rapha\u00eblle Jessic (textes) et Laurent Gaulhiac (illustrations)<\/td>\n<td class=\"tg-c9cr\">La Transhumance ou les jolies colonies de vacances<\/td>\n<td class=\"tg-031e\">Editions De plaines en vall\u00e9es<\/td>\n<\/tr>\n<\/tbody>\n<\/table>\n","protected":false},"excerpt":{"rendered":"<p>&nbsp; EN SAVOIR PLUS SUR LES OUVRAGES PRIM\u00c9S EN 2016 PRIX DU LIVRE PYR\u00c9N\u00c9EN 2016 Il met en valeur un ouvrage constituant un apport cons\u00e9quent pour la valorisation ou la connaissance des mondes pyr\u00e9n\u00e9ens ou d\u2019un de leurs aspects. Il a \u00e9t\u00e9 attribu\u00e9 \u00e0 &#8220;Quatre cercueils, deux noirs, deux blancs&#8221; Pep Coll Actes Sud, 2015, [&hellip;]<\/p>\n","protected":false},"author":1,"featured_media":0,"parent":0,"menu_order":0,"comment_status":"closed","ping_status":"closed","template":"","meta":{"footnotes":""},"class_list":["post-3034","page","type-page","status-publish","hentry"],"_links":{"self":[{"href":"http:\/\/www.salondulivre-pyreneen.fr\/index.php?rest_route=\/wp\/v2\/pages\/3034","targetHints":{"allow":["GET"]}}],"collection":[{"href":"http:\/\/www.salondulivre-pyreneen.fr\/index.php?rest_route=\/wp\/v2\/pages"}],"about":[{"href":"http:\/\/www.salondulivre-pyreneen.fr\/index.php?rest_route=\/wp\/v2\/types\/page"}],"author":[{"embeddable":true,"href":"http:\/\/www.salondulivre-pyreneen.fr\/index.php?rest_route=\/wp\/v2\/users\/1"}],"replies":[{"embeddable":true,"href":"http:\/\/www.salondulivre-pyreneen.fr\/index.php?rest_route=%2Fwp%2Fv2%2Fcomments&post=3034"}],"version-history":[{"count":1,"href":"http:\/\/www.salondulivre-pyreneen.fr\/index.php?rest_route=\/wp\/v2\/pages\/3034\/revisions"}],"predecessor-version":[{"id":3036,"href":"http:\/\/www.salondulivre-pyreneen.fr\/index.php?rest_route=\/wp\/v2\/pages\/3034\/revisions\/3036"}],"wp:attachment":[{"href":"http:\/\/www.salondulivre-pyreneen.fr\/index.php?rest_route=%2Fwp%2Fv2%2Fmedia&parent=3034"}],"curies":[{"name":"wp","href":"https:\/\/api.w.org\/{rel}","templated":true}]}}