{"id":180,"date":"2009-08-11T17:42:17","date_gmt":"2009-08-11T15:42:17","guid":{"rendered":"http:\/\/127.0.0.1\/devlocal\/slp\/?page_id=180"},"modified":"2025-03-18T10:18:57","modified_gmt":"2025-03-18T08:18:57","slug":"contacts","status":"publish","type":"page","link":"https:\/\/www.salondulivre-pyreneen.fr\/?page_id=180","title":{"rendered":"Contacts"},"content":{"rendered":"<h3>Adresse e-mail<\/h3>\n<p>Pour nous contacter : as.binaros@gmail.com<\/p>\n<h3>Adresse postale<\/h3>\n<p><strong>Association Binaros<\/strong><br \/>\nMairie, 28 place des Vignaux<br \/>\n65200 Bagn\u00e8res-de-Bigorre<br \/>\nFrance<\/p>\n<h3>T\u00e9l\u00e9phone<\/h3>\n<p>06 44 93 94 90<\/p>\n<h3 class=\"CampaignHeader--Title\" data-testid=\"title\">Adh\u00e9sions et dons 2025<\/h3>\n<p><a href=\"https:\/\/www.helloasso.com\/associations\/binaros\/adhesions\/adhesions-et-dons-2025\" target=\"_blank\" data-saferedirecturl=\"https:\/\/www.google.com\/url?q=https:\/\/www.helloasso.com\/associations\/binaros\/adhesions\/adhesions-et-dons-2025&amp;source=gmail&amp;ust=1742371809629000&amp;usg=AOvVaw2GbguY8D79gDrMduAhhDGw\">www.helloasso.com binaros adhesions et dons<\/a><\/p>\n<p><a href=\"http:\/\/www.salondulivre-pyreneen.fr\/wp-content\/uploads\/2009\/08\/2025-Bulletin-adhe\u0301sion.pdf\">\u00a0Bulletin adhe\u0301sion 2025 \u00e0 t\u00e9l\u00e9charger<\/a><\/p>\n","protected":false},"excerpt":{"rendered":"<p>Adresse e-mail Pour nous contacter : as.binaros@gmail.com Adresse postale Association Binaros Mairie, 28 place des Vignaux 65200 Bagn\u00e8res-de-Bigorre France T\u00e9l\u00e9phone 06 44 93 94 90 Adh\u00e9sions et dons 2025 www.helloasso.com binaros adhesions et dons \u00a0Bulletin adhe\u0301sion 2025 \u00e0 t\u00e9l\u00e9charger<\/p>\n","protected":false},"author":1,"featured_media":0,"parent":0,"menu_order":11,"comment_status":"open","ping_status":"closed","template":"","meta":{"footnotes":""},"class_list":["post-180","page","type-page","status-publish","hentry"],"_links":{"self":[{"href":"https:\/\/www.salondulivre-pyreneen.fr\/index.php?rest_route=\/wp\/v2\/pages\/180","targetHints":{"allow":["GET"]}}],"collection":[{"href":"https:\/\/www.salondulivre-pyreneen.fr\/index.php?rest_route=\/wp\/v2\/pages"}],"about":[{"href":"https:\/\/www.salondulivre-pyreneen.fr\/index.php?rest_route=\/wp\/v2\/types\/page"}],"author":[{"embeddable":true,"href":"https:\/\/www.salondulivre-pyreneen.fr\/index.php?rest_route=\/wp\/v2\/users\/1"}],"replies":[{"embeddable":true,"href":"https:\/\/www.salondulivre-pyreneen.fr\/index.php?rest_route=%2Fwp%2Fv2%2Fcomments&post=180"}],"version-history":[{"count":5,"href":"https:\/\/www.salondulivre-pyreneen.fr\/index.php?rest_route=\/wp\/v2\/pages\/180\/revisions"}],"predecessor-version":[{"id":7215,"href":"https:\/\/www.salondulivre-pyreneen.fr\/index.php?rest_route=\/wp\/v2\/pages\/180\/revisions\/7215"}],"wp:attachment":[{"href":"https:\/\/www.salondulivre-pyreneen.fr\/index.php?rest_route=%2Fwp%2Fv2%2Fmedia&parent=180"}],"curies":[{"name":"wp","href":"https:\/\/api.w.org\/{rel}","templated":true}]}}