{"id":2672,"date":"2017-03-22T13:15:35","date_gmt":"2017-03-22T11:15:35","guid":{"rendered":"http:\/\/www.salondulivre-pyreneen.fr\/?page_id=2672"},"modified":"2025-03-06T11:27:21","modified_gmt":"2025-03-06T09:27:21","slug":"rubriq-1-2","status":"publish","type":"page","link":"https:\/\/www.salondulivre-pyreneen.fr\/?page_id=2672","title":{"rendered":"Pr\u00e9sentation"},"content":{"rendered":"<div>\n<h3>Et arrive la 16e \u00e9dition !<\/h3>\n<p>Fond\u00e9 en 2010 par St\u00e9phane L\u00c9V\u00caQUE et Sylvio BRIANTI, le\u00a0<strong>Salon du Livre Pyr\u00e9n\u00e9en<\/strong>\u00a0est devenu un \u00e9v\u00e9nement litt\u00e9raire incontournable dans les Pyr\u00e9n\u00e9es : 2025 verra la 16e \u00e9dition du Salon du Livre Pyr\u00e9n\u00e9en.<\/p>\n<h3>Promouvoir le livre pyr\u00e9n\u00e9en<\/h3>\n<p>Le\u00a0<strong>Salon du Livre Pyr\u00e9n\u00e9en<\/strong>\u00a0est n\u00e9 du d\u00e9sir de mieux faire conna\u00eetre les multiples\u00a0<strong>publications ayant trait aux Pyr\u00e9n\u00e9es<\/strong>\u00a0et de contribuer \u00e0 la d\u00e9couverte et \u00e0 la connaissance du vaste territoire de la cha\u00eene pyr\u00e9n\u00e9enne.<br \/>\nEn effet, les\u00a0<strong>livres sur les Pyr\u00e9n\u00e9es\u00a0<\/strong>ne trouvent pas toujours leur public du fait d\u2019une promotion souvent confidentielle, qui pour certains ouvrages ne d\u00e9passe parfois pas le cadre d\u2019une vall\u00e9e.<\/p>\n<p>Est entendu par\u00a0<strong>livre pyr\u00e9n\u00e9en<\/strong>\u00a0tout ouvrage dont le sujet traite des Pyr\u00e9n\u00e9es ou les aborde :<\/p>\n<ul>\n<li>la g\u00e9ographie,<\/li>\n<li>les cultures et les populations,<\/li>\n<li>les lieux et les personnages,<\/li>\n<li>les histoires et les traditions,<\/li>\n<li>le patrimoine,<\/li>\n<li>l\u2019architecture et l\u2019art,<\/li>\n<li>la faune et la flore,<\/li>\n<li>la g\u00e9ologie\u2026<\/li>\n<\/ul>\n<p>Notre volont\u00e9 est de ne pas se r\u00e9duire \u00e0 la stricte probl\u00e9matique de la montagne.<\/p>\n<p>In\u00e9dite sur l\u2019ensemble de la cha\u00eene dans cet esprit large, ce type de manifestation est attendu par les\u00a0<strong>professionnels du livre<\/strong>, les\u00a0<strong>\u00e9diteurs<\/strong>, par les\u00a0<strong>auteurs\u00a0<\/strong>et\u00a0<strong>chercheurs<\/strong>. Mais aussi par\u00a0<strong>tous ceux nombreux qui s\u2019int\u00e9ressent au territoire pyr\u00e9n\u00e9en<\/strong>\u00a0\u00e0 divers titres.<\/p>\n<h3>Entre France et Espagne, un public trans-frontalier<\/h3>\n<p>Le\u00a0<strong>Salon du Livre Pyr\u00e9n\u00e9en<\/strong>\u00a0va s\u2019adresser aux\u00a0<strong>amateurs avertis<\/strong>\u00a0mais aussi au\u00a0<strong>grand public<\/strong>.\u00a0<strong>L\u2019entr\u00e9e en sera gratuite<\/strong>.<br \/>\nIl a pour objet de f\u00e9d\u00e9rer une fois par an l\u2019ensemble des \u00e9diteurs publiant des ouvrages li\u00e9s aux\u00a0<strong>Pyr\u00e9n\u00e9es fran\u00e7aises ou espagnoles<\/strong>, quel que soit l\u2019angle d\u2019approche, qu\u2019ils soient sp\u00e9cialis\u00e9s ou non : tant nationaux que r\u00e9gionaux et locaux, les publications universitaires et associatives, les auteurs et chercheurs.<br \/>\nL\u2019ambition de Binaros, l\u2019association organisatrice, est aussi d\u2019inclure et d\u2019\u00e9tablir des liens avec les\u00a0<strong>\u00e9diteurs espagnols<\/strong>.<\/p>\n<h3>Une manifestation litt\u00e9raire au c\u0153ur des Pyr\u00e9n\u00e9es<\/h3>\n<p>La pr\u00e9sence de ce salon \u00e0\u00a0<strong>Bagn\u00e8res-de-Bigorre<\/strong>, dans les Hautes-Pyr\u00e9n\u00e9es (65), s\u2019inscrit dans une\u00a0<strong>longue tradition culturelle de la ville et de la vall\u00e9e<\/strong>, attest\u00e9e par la pr\u00e9sence et la conservation d\u2019un patrimoine dense, vari\u00e9, unique et original.<\/p>\n<h4>\u00c0 Bagn\u00e8res-de-Bigorre :<\/h4>\n<ul>\n<li>la m\u00e9diath\u00e8que municipale et son important fonds pyr\u00e9n\u00e9en et Privat<\/li>\n<li>le fonds photographique Eyssalet\/Alix<\/li>\n<li>de riches archives municipales<\/li>\n<li>le Conservatoire Botanique avec l\u2019Herbier de Ramond<\/li>\n<li>le mus\u00e9e Salies et le mus\u00e9e du Marbre<\/li>\n<li>le Centre Permanent d\u2019Initiation \u00e0 l\u2019Environnement<\/li>\n<li>la Soci\u00e9t\u00e9 Ramond et ses archives<\/li>\n<li>la persistance de la recherche scientifique et des activit\u00e9s astronomiques au Pic du Midi&#8230;<\/li>\n<\/ul>\n<h4>\u00c0 Ast\u00e9 :<\/h4>\n<ul>\n<li>la Maison des Ferr\u00e8re et du Baroque Pyr\u00e9n\u00e9en<\/li>\n<\/ul>\n<h4>\u00c0 Beaud\u00e9an :<\/h4>\n<ul>\n<li>le Mus\u00e9e Larrey<\/li>\n<\/ul>\n<p>Notre volont\u00e9 est d\u2019entourer et d\u2019appuyer le plus possible ce salon par des manifestations en partenariat avec les diff\u00e9rentes\u00a0<strong>structures patrimoniales locales<\/strong>\u00a0:<\/p>\n<ul>\n<li>des\u00a0<a title=\"Les actualit\u00e9s du Salon du Livre Pyr\u00e9n\u00e9en\" href=\"http:\/\/www.salondulivre-pyreneen.fr\/?page_id=2743\" target=\"_blank\">expositions,\u00a0animations ou conf\u00e9rences<\/a><\/li>\n<li>ainsi que des visites \u00e0 destination du public, mais aussi des professionnels de l\u2019\u00e9dition.<\/li>\n<\/ul>\n<p>Un\u00a0programme\u00a0est en cours d\u2019\u00e9laboration et de discussion afin de faire rayonner cette manifestation dans la ville et dans la vall\u00e9e.<\/p>\n<p>L\u2019implication des\u00a0<strong>acteurs du livre et du patrimoine dans le d\u00e9partement<\/strong>\u00a0est \u00e9galement souhait\u00e9e et recherch\u00e9e.<\/p>\n<\/div>\n","protected":false},"excerpt":{"rendered":"<p>Et arrive la 16e \u00e9dition ! Fond\u00e9 en 2010 par St\u00e9phane L\u00c9V\u00caQUE et Sylvio BRIANTI, le\u00a0Salon du Livre Pyr\u00e9n\u00e9en\u00a0est devenu un \u00e9v\u00e9nement litt\u00e9raire incontournable dans les Pyr\u00e9n\u00e9es : 2025 verra la 16e \u00e9dition du Salon du Livre Pyr\u00e9n\u00e9en. Promouvoir le livre pyr\u00e9n\u00e9en Le\u00a0Salon du Livre Pyr\u00e9n\u00e9en\u00a0est n\u00e9 du d\u00e9sir de mieux faire conna\u00eetre les multiples\u00a0publications [&hellip;]<\/p>\n","protected":false},"author":1,"featured_media":0,"parent":0,"menu_order":1,"comment_status":"closed","ping_status":"closed","template":"","meta":{"footnotes":""},"class_list":["post-2672","page","type-page","status-publish","hentry"],"_links":{"self":[{"href":"https:\/\/www.salondulivre-pyreneen.fr\/index.php?rest_route=\/wp\/v2\/pages\/2672","targetHints":{"allow":["GET"]}}],"collection":[{"href":"https:\/\/www.salondulivre-pyreneen.fr\/index.php?rest_route=\/wp\/v2\/pages"}],"about":[{"href":"https:\/\/www.salondulivre-pyreneen.fr\/index.php?rest_route=\/wp\/v2\/types\/page"}],"author":[{"embeddable":true,"href":"https:\/\/www.salondulivre-pyreneen.fr\/index.php?rest_route=\/wp\/v2\/users\/1"}],"replies":[{"embeddable":true,"href":"https:\/\/www.salondulivre-pyreneen.fr\/index.php?rest_route=%2Fwp%2Fv2%2Fcomments&post=2672"}],"version-history":[{"count":4,"href":"https:\/\/www.salondulivre-pyreneen.fr\/index.php?rest_route=\/wp\/v2\/pages\/2672\/revisions"}],"predecessor-version":[{"id":7206,"href":"https:\/\/www.salondulivre-pyreneen.fr\/index.php?rest_route=\/wp\/v2\/pages\/2672\/revisions\/7206"}],"wp:attachment":[{"href":"https:\/\/www.salondulivre-pyreneen.fr\/index.php?rest_route=%2Fwp%2Fv2%2Fmedia&parent=2672"}],"curies":[{"name":"wp","href":"https:\/\/api.w.org\/{rel}","templated":true}]}}