{"id":2674,"date":"2017-03-22T13:37:30","date_gmt":"2017-03-22T11:37:30","guid":{"rendered":"http:\/\/www.salondulivre-pyreneen.fr\/?page_id=2674"},"modified":"2025-03-06T11:29:25","modified_gmt":"2025-03-06T09:29:25","slug":"rubriq-2","status":"publish","type":"page","link":"https:\/\/www.salondulivre-pyreneen.fr\/?page_id=2674","title":{"rendered":"Prix du Livre"},"content":{"rendered":"<p><em>Si vous souhaitez pr\u00e9senter un ouvrage pour l&#8217;un des prix, nous vous invitons \u00e0 nous exp\u00e9dier 3 exemplaires \u00e0 l&#8217;adresse suivante : Binaros, 28 place des Vignaux, 65200 Bagn\u00e8res-de-Bigorre.\u00a0<\/em><\/p>\n<p>Chaque ann\u00e9e l\u2019association <a title=\"Pr\u00e9sentation de l'association Binaros \" href=\"http:\/\/www.salondulivre-pyreneen.fr\/?page_id=2725%20\" target=\"_blank\"><strong>Binaros<\/strong><\/a>, organisatrice du <strong>Salon du Livre Pyr\u00e9n\u00e9en<\/strong>, souhaite attribuer \u00e0 des auteurs trois \u00e0 quatre prix du Livre Pyr\u00e9n\u00e9en selon les volumes de publications, tous dot\u00e9s de 750 \u20ac :<\/p>\n<ul>\n<li><strong>Prix du Livre Pyr\u00e9n\u00e9en<\/strong><\/li>\n<li><strong>Prix du Livre Pyr\u00e9n\u00e9en Litt\u00e9rature<\/strong><\/li>\n<li><strong>Prix du Livre Pyr\u00e9n\u00e9en Guide<\/strong><\/li>\n<li><strong>Prix du Livre Pyr\u00e9n\u00e9en Binaros<\/strong><\/li>\n<\/ul>\n<p>Le<strong> jury<\/strong> qui d\u00e9cerne les prix \u00e9volue d\u2019ann\u00e9e en ann\u00e9e. Il est suffisamment \u00e9clectique pour juger de la diversit\u00e9 des genres. Le comit\u00e9 de lecture est ainsi compos\u00e9 de personnalit\u00e9s aux comp\u00e9tences diverses et compl\u00e9mentaires <em>(libraire, journaliste, sp\u00e9cialiste des Pyr\u00e9n\u00e9es, biblioth\u00e9caire, artiste, scientifique\u2026)<\/em>.<\/p>\n<h3>PRIX DU LIVRE PYR\u00c9N\u00c9EN<\/h3>\n<p>Ce prix principal est destin\u00e9 \u00e0 mettre en valeur un ouvrage constituant un apport cons\u00e9quent pour <strong>la valorisation ou la connaissance des mondes pyr\u00e9n\u00e9ens<\/strong> ou d\u2019un de leurs aspects.<br \/>\nY concourent pour 2023 les livres parus du <strong>1er juin 2024 au 31 mai 2025<\/strong>.<br \/>\nDotation : 750 \u20ac<\/p>\n<h3>PRIX LITT\u00c9RATURE PYR\u00c9N\u00c9ES<\/h3>\n<p>Destin\u00e9 \u00e0 un ouvrage ayant pour <strong>cadre ou sujet litt\u00e9raires les Pyr\u00e9n\u00e9es<\/strong>.<br \/>\nY concourent pour 2023 les livres parus <strong>1er juin 2024 au 31 mai 2025<\/strong>.<br \/>\nDotation : 750 \u20ac<\/p>\n<h3>PRIX DU GUIDE PYR\u00c9N\u00c9EN<\/h3>\n<p>Un genre fr\u00e9quent, pouvant aborder <strong>la montagne mais aussi des domaines plus sp\u00e9cialis\u00e9s<\/strong> (patrimoine, faune, flore, gastronomie\u2026).<span class=\"Apple-style-span\" style=\"color: #993300;\"><br \/>\n<\/span>Y concourent pour 2023 les livres parus du <strong>1er juin 2024 au 31 mai 2025<\/strong>.<br \/>\nDotation : 750 \u20ac<\/p>\n<h3>LE PRIX DU LIVRE PYR\u00c9N\u00c9EN BINAROS<\/h3>\n<p>Les crit\u00e8res des prix habituels <em>(Prix du livre Pyr\u00e9n\u00e9en, Prix litt\u00e9rature, Prix Guide)<\/em> ne couvrent pas l&#8217;ensemble de la production \u00e9ditoriale et rendent difficile de primer par exemple un livre de photo ou de reproductions d\u2019\u0153uvres plastiques.<br \/>\nLe prix du Livre Pyr\u00e9n\u00e9en Binaros permet au jury de r\u00e9compenser un ouvrage traitant des Pyr\u00e9n\u00e9es, parus dans l&#8217;ann\u00e9e, mais qui ne rentre pas dans les crit\u00e8res pr\u00e9c\u00e9dents, notamment les livres jeunesse, les beaux-livres\u2026<br \/>\nY concourent pour 2023 les livres parus <strong>1er juin 2024 au 31 mai 2025<\/strong>.<br \/>\nDotation : 750 \u20ac<\/p>\n","protected":false},"excerpt":{"rendered":"<p>Si vous souhaitez pr\u00e9senter un ouvrage pour l&#8217;un des prix, nous vous invitons \u00e0 nous exp\u00e9dier 3 exemplaires \u00e0 l&#8217;adresse suivante : Binaros, 28 place des Vignaux, 65200 Bagn\u00e8res-de-Bigorre.\u00a0 Chaque ann\u00e9e l\u2019association Binaros, organisatrice du Salon du Livre Pyr\u00e9n\u00e9en, souhaite attribuer \u00e0 des auteurs trois \u00e0 quatre prix du Livre Pyr\u00e9n\u00e9en selon les volumes de [&hellip;]<\/p>\n","protected":false},"author":1,"featured_media":0,"parent":0,"menu_order":7,"comment_status":"closed","ping_status":"closed","template":"","meta":{"footnotes":""},"class_list":["post-2674","page","type-page","status-publish","hentry"],"_links":{"self":[{"href":"https:\/\/www.salondulivre-pyreneen.fr\/index.php?rest_route=\/wp\/v2\/pages\/2674","targetHints":{"allow":["GET"]}}],"collection":[{"href":"https:\/\/www.salondulivre-pyreneen.fr\/index.php?rest_route=\/wp\/v2\/pages"}],"about":[{"href":"https:\/\/www.salondulivre-pyreneen.fr\/index.php?rest_route=\/wp\/v2\/types\/page"}],"author":[{"embeddable":true,"href":"https:\/\/www.salondulivre-pyreneen.fr\/index.php?rest_route=\/wp\/v2\/users\/1"}],"replies":[{"embeddable":true,"href":"https:\/\/www.salondulivre-pyreneen.fr\/index.php?rest_route=%2Fwp%2Fv2%2Fcomments&post=2674"}],"version-history":[{"count":4,"href":"https:\/\/www.salondulivre-pyreneen.fr\/index.php?rest_route=\/wp\/v2\/pages\/2674\/revisions"}],"predecessor-version":[{"id":7207,"href":"https:\/\/www.salondulivre-pyreneen.fr\/index.php?rest_route=\/wp\/v2\/pages\/2674\/revisions\/7207"}],"wp:attachment":[{"href":"https:\/\/www.salondulivre-pyreneen.fr\/index.php?rest_route=%2Fwp%2Fv2%2Fmedia&parent=2674"}],"curies":[{"name":"wp","href":"https:\/\/api.w.org\/{rel}","templated":true}]}}