{"id":2694,"date":"2017-03-27T11:44:37","date_gmt":"2017-03-27T09:44:37","guid":{"rendered":"http:\/\/www.salondulivre-pyreneen.fr\/?page_id=2694"},"modified":"2025-02-20T12:03:02","modified_gmt":"2025-02-20T10:03:02","slug":"acces-renseignements","status":"publish","type":"page","link":"https:\/\/www.salondulivre-pyreneen.fr\/?page_id=2694","title":{"rendered":"Renseignements"},"content":{"rendered":"<p>O\u00f9, quand, comment ? Dates et heures, plan d&#8217;acc\u00e8s et moyens de transport : retrouvez toutes les informations pour vous rendre au <strong>Salon du Livre Pyr\u00e9n\u00e9en<\/strong>.<\/p>\n<h3>Entr\u00e9e gratuite<\/h3>\n<p>Notre volont\u00e9 est d&#8217;offrir un <strong>acc\u00e8s libre au salon<\/strong> afin d&#8217;encourager la d\u00e9couverte du livre pyr\u00e9n\u00e9en. <strong>L&#8217;entr\u00e9e est donc gratuite<\/strong> pour tous les visiteurs. Le site est accessible aux personnes \u00e0 mobilit\u00e9 r\u00e9duite.<\/p>\n<h3>Dates &amp; horaires<\/h3>\n<p>Le Salon du Livre Pyr\u00e9n\u00e9en aura lieu du <strong>samedi 04 octobre au dimanche 05 octobre 2025<\/strong>.<br \/>\n&#8211; Samedi de 10h \u00e0 19h<br \/>\n&#8211; Dimanche de 10h \u00e0 18h<\/p>\n<h3>Lieu<\/h3>\n<p>Le salon se d\u00e9roulera\u00a0<span style=\"color: #ff0000;\">\u00e0 Carr\u00e9 PY\u00a0\u00c9v\u00e8nements<\/span> \u00e0 Bagn\u00e8res de Bigorre (65)<\/p>\n<h4>Adresse :<\/h4>\n<p>3 bis avenue maquis de Payolle<br \/>\n65200 Bagn\u00e8res-de-Bigorre<\/p>\n<h4>Coordonn\u00e9es GPS :<strong>\u00a0\u00a0<\/strong>43\u00b003&#8217;18.36&#8243;N 0\u00b009&#8217;30.96&#8243;E<\/h4>\n<p>&nbsp;<\/p>\n<h3>Acc\u00e8s : venir au Salon \/ \u00e0 Bagn\u00e8res-de-Bigorre<\/h3>\n<p>&nbsp;<\/p>\n<p><iframe loading=\"lazy\" style=\"border: 0;\" src=\"https:\/\/www.google.com\/maps\/embed?pb=!1m14!1m8!1m3!1d11661.340474660195!2d0.1575145!3d43.0554189!3m2!1i1024!2i768!4f13.1!3m3!1m2!1s0x0%3A0x9d60bb9e34f2f680!2zQ2FycsOpIFB5JyBIw7R0ZWw!5e0!3m2!1sfr!2sfr!4v1621523049884!5m2!1sfr!2sfr\" width=\"600\" height=\"450\" allowfullscreen=\"allowfullscreen\"><\/iframe><\/p>\n<h4>En train \/ car SNCF :<\/h4>\n<p>Depuis la gare de Tarbes, des cars SNCF assurent la liaison avec la gare routi\u00e8re de Bagn\u00e8res-de-Bigorre :<br \/>\n&#8211; <a title=\"Consulter les horaires sur le site de la SNCF\" href=\"https:\/\/www.ter.sncf.com\/occitanie\" target=\"_blank\">Consulter les horaires des trains<\/a><br \/>\n&#8211; <a title=\"Consulter les horaires des lignes de cars\" href=\"https:\/\/www.mestrajets.lio.laregion.fr\/\" target=\"_blank\">Consulter les horaires des bus<\/a><\/p>\n<h4>Navettes urbaines:<\/h4>\n<p>&#8211; <a title=\"Consulter les horaires des navettes urbaines\" href=\"https:\/\/www.ville-bagneresdebigorre.fr\/navette-gratuite\" target=\"_blank\">Consulter les horaires des navettes urbaines<\/a><\/p>\n<h4>En avion :<\/h4>\n<p>L&#8217;a\u00e9roport de Tarbes-Lourdes-Pyr\u00e9n\u00e9es est \u00e0 23 km de Bagn\u00e8res.<\/p>\n","protected":false},"excerpt":{"rendered":"<p>O\u00f9, quand, comment ? Dates et heures, plan d&#8217;acc\u00e8s et moyens de transport : retrouvez toutes les informations pour vous rendre au Salon du Livre Pyr\u00e9n\u00e9en. Entr\u00e9e gratuite Notre volont\u00e9 est d&#8217;offrir un acc\u00e8s libre au salon afin d&#8217;encourager la d\u00e9couverte du livre pyr\u00e9n\u00e9en. L&#8217;entr\u00e9e est donc gratuite pour tous les visiteurs. Le site est [&hellip;]<\/p>\n","protected":false},"author":1,"featured_media":0,"parent":0,"menu_order":4,"comment_status":"closed","ping_status":"closed","template":"","meta":{"footnotes":""},"class_list":["post-2694","page","type-page","status-publish","hentry"],"_links":{"self":[{"href":"https:\/\/www.salondulivre-pyreneen.fr\/index.php?rest_route=\/wp\/v2\/pages\/2694","targetHints":{"allow":["GET"]}}],"collection":[{"href":"https:\/\/www.salondulivre-pyreneen.fr\/index.php?rest_route=\/wp\/v2\/pages"}],"about":[{"href":"https:\/\/www.salondulivre-pyreneen.fr\/index.php?rest_route=\/wp\/v2\/types\/page"}],"author":[{"embeddable":true,"href":"https:\/\/www.salondulivre-pyreneen.fr\/index.php?rest_route=\/wp\/v2\/users\/1"}],"replies":[{"embeddable":true,"href":"https:\/\/www.salondulivre-pyreneen.fr\/index.php?rest_route=%2Fwp%2Fv2%2Fcomments&post=2694"}],"version-history":[{"count":5,"href":"https:\/\/www.salondulivre-pyreneen.fr\/index.php?rest_route=\/wp\/v2\/pages\/2694\/revisions"}],"predecessor-version":[{"id":7205,"href":"https:\/\/www.salondulivre-pyreneen.fr\/index.php?rest_route=\/wp\/v2\/pages\/2694\/revisions\/7205"}],"wp:attachment":[{"href":"https:\/\/www.salondulivre-pyreneen.fr\/index.php?rest_route=%2Fwp%2Fv2%2Fmedia&parent=2694"}],"curies":[{"name":"wp","href":"https:\/\/api.w.org\/{rel}","templated":true}]}}