{"id":2696,"date":"2017-03-27T11:46:33","date_gmt":"2017-03-27T09:46:33","guid":{"rendered":"http:\/\/www.salondulivre-pyreneen.fr\/?page_id=2696"},"modified":"2023-09-28T20:54:49","modified_gmt":"2023-09-28T18:54:49","slug":"partenaires-2","status":"publish","type":"page","link":"https:\/\/www.salondulivre-pyreneen.fr\/?page_id=2696","title":{"rendered":"Partenaires"},"content":{"rendered":"<p style=\"text-align: left;\">Le Salon du Livre Pyr\u00e9n\u00e9en remercie vivement ses partenaires !<\/p>\n<h3>Partenaires institutionnels<\/h3>\n<p style=\"text-align: center;\"><a href=\"https:\/\/www.prefectures-regions.gouv.fr\/occitanie\/Region-et-institutions\/L-action-de-l-Etat\/Massif-des-Pyrenees\"><img loading=\"lazy\" decoding=\"async\" title=\"Pr\u00e9fecture\" src=\"http:\/\/www.salondulivre-pyreneen.fr\/wp-content\/uploads\/2023\/09\/logo-prefet-T.jpg\" alt=\"Pr\u00e9fecture\" width=\"250\" height=\"264\" \/><\/a><\/p>\n<p style=\"text-align: center;\"><a href=\"http:\/\/www.ville-bagneresdebigorre.fr\/\"><img loading=\"lazy\" decoding=\"async\" title=\"Ville de Bagn\u00e8res-de-Bigorre\" src=\"http:\/\/www.salondulivre-pyreneen.fr\/wp-content\/uploads\/2011\/09\/logo-bagneres-de-bigorre.jpg\" alt=\"Ville de Bagn\u00e8res-de-Bigorre\" width=\"92\" height=\"100\" \/><\/a>\u00a0\u00a0<a href=\"https:\/\/www.laregion.fr\/\"><img loading=\"lazy\" decoding=\"async\" title=\"R\u00e9gion Occitanie \/ Pyr\u00e9n\u00e9es-M\u00e9diterran\u00e9e\" src=\"http:\/\/www.salondulivre-pyreneen.fr\/wp-content\/uploads\/2017\/03\/Logo_Occitanie_2017.jpg\" alt=\"Logo_Occitanie_2017\" width=\"92\" height=\"92\" \/><\/a>.\u00a0 \u00a0<a title=\"Le D\u00e9partement des Hautes-Pyr\u00e9n\u00e9es \" href=\"https:\/\/www.hautespyrenees.fr\/\" target=\"_blank\"><img loading=\"lazy\" decoding=\"async\" src=\"http:\/\/www.salondulivre-pyreneen.fr\/wp-content\/uploads\/2019\/09\/Logo_Nouveau_HautesPyrenees65.jpg\" alt=\"Conseil D\u00e9partemental des Hautes-Pyr\u00e9n\u00e9es\" width=\"154\" height=\"100\" \/><\/a>.\u00a0<a title=\"Village de Gerde 65\" href=\"https:\/\/gerdemonclocher.com\" target=\"_blank\"><img loading=\"lazy\" decoding=\"async\" title=\"Commune de Gerde\" src=\"http:\/\/www.salondulivre-pyreneen.fr\/wp-content\/uploads\/2009\/07\/commune-de-gerde.gif\" alt=\"Commune de Gerde\" width=\"175\" height=\"100\" \/><\/a>\u00a0\u00a0<a href=\"http:\/\/www.mediatheque-bagneresdebigorre.fr\/\"><img loading=\"lazy\" decoding=\"async\" src=\"http:\/\/www.salondulivre-pyreneen.fr\/wp-content\/uploads\/2022\/09\/HB-T.jpg\" alt=\"Communaut\u00e9 de Communes de la Haute-Bigorre\" width=\"146\" height=\"100\" \/><\/a><\/p>\n<h3>Partenaires professionnels du livre et de la culture<\/h3>\n<p style=\"text-align: center;\"><a title=\"La Sofia\" href=\"http:\/\/www.la-sofia.org\/\" target=\"_blank\"><img loading=\"lazy\" decoding=\"async\" src=\"http:\/\/www.salondulivre-pyreneen.fr\/wp-content\/uploads\/2022\/06\/Logocopieprivee-2022.jpg\" alt=\"La Sofia\" width=\"238\" height=\"100\" \/><\/a>\u00a0 \u00a0 \u00a0 \u00a0 \u00a0 \u00a0\u00a0<a title=\"La Sofia\" href=\"http:\/\/www.la-sofia.org\/\" target=\"_blank\"><img loading=\"lazy\" decoding=\"async\" src=\"http:\/\/www.salondulivre-pyreneen.fr\/wp-content\/uploads\/2022\/06\/LogoSofia-2022.jpg\" alt=\"La Sofia\" width=\"265\" height=\"100\" \/><\/a><\/p>\n<p><a href=\"https:\/\/www.revue-pyreneenne.com\/\"><img decoding=\"async\" class=\"alignnone size-full wp-image-6062 aligncenter\" src=\"http:\/\/www.salondulivre-pyreneen.fr\/wp-content\/uploads\/2017\/03\/unnamed.jpeg\" alt=\"\" width=\"138 height=\" \/><\/a><br \/>\n<a title=\"Aupr\u00e8s Pyr\u00e8ne\" href=\"http:\/\/www.livres-posters-pyrenees.com\/\" target=\"_blank\"><img loading=\"lazy\" decoding=\"async\" class=\"aligncenter\" src=\"http:\/\/www.salondulivre-pyreneen.fr\/wp-content\/uploads\/2022\/09\/N-AUPRES-DE-PYRENE-logo.jpg\" alt=\"logo aupr\u00e8s de pyr\u00e8ne\" width=\"223\" height=\"150\" \/><\/a><br \/>\n<a href=\"https:\/\/www.pyreneesmagazine.com\/\"><img loading=\"lazy\" decoding=\"async\" class=\"alignnone size-full wp-image-6062 aligncenter\" src=\"http:\/\/www.salondulivre-pyreneen.fr\/wp-content\/uploads\/2019\/09\/Logo_Pyrenees_Mag-e1569011135407.jpg\" alt=\"Pyr\u00e9n\u00e9es Magazine\" width=\"251\" height=\"58\" \/><\/a><\/p>\n<p style=\"text-align: center;\">\u00a0\u00a0<a href=\"http:\/\/www.radiopresence.com\/\"><img loading=\"lazy\" decoding=\"async\" src=\"http:\/\/www.salondulivre-pyreneen.fr\/wp-content\/uploads\/2016\/07\/Logo_Radio_Presence.png\" alt=\"Logo_Radio_Presence\" width=\"114\" height=\"60\" \/><\/a>\u00a0 \u00a0 \u00a0 \u00a0 \u00a0 \u00a0 \u00a0 \u00a0 \u00a0\u00a0<a title=\"Vox Scriba\" href=\"http:\/\/www.voxscriba.com\" target=\"_blank\"><img loading=\"lazy\" decoding=\"async\" class=\"\" src=\"http:\/\/www.salondulivre-pyreneen.fr\/wp-content\/uploads\/2017\/03\/VOX-SCRIBA_p.jpg\" alt=\"VOX SCRIBA_p\" width=\"193\" height=\"37\" \/><\/a><\/p>\n<p style=\"text-align: center;\">\u00a0 \u00a0 \u00a0 \u00a0 \u00a0 \u00a0 \u00a0 \u00a0 \u00a0 \u00a0 \u00a0\u00a0<a href=\"http:\/\/www.grosbouquinsetpetitslivres.com\/contacto.html\" target=\"_blank\"><img loading=\"lazy\" decoding=\"async\" title=\"Huella Digital\" src=\"http:\/\/www.salondulivre-pyreneen.fr\/wp-content\/uploads\/2022\/09\/W-Huella-digital.jpg\" alt=\"Logo_HuellaDigital\" width=\"405\" height=\"150\" \/><\/a><\/p>\n<p style=\"text-align: center;\"><a title=\"O Begorra \u00e0 Bagn\u00e8res-de-Bigorre\" href=\"https:\/\/www.imprimerie-pere.fr\/\" target=\"_blank\"><img loading=\"lazy\" decoding=\"async\" class=\"aligncenter\" src=\"http:\/\/www.salondulivre-pyreneen.fr\/wp-content\/uploads\/2022\/09\/LOGO-PERE-T.jpg\" alt=\"logo_o_begorra\" width=\"162\" height=\"100\" \/><\/a><\/p>\n<p><a href=\"https:\/\/www.imprimerie-pere.fr\/\"><img loading=\"lazy\" decoding=\"async\" class=\"alignnone size-full wp-image-6062 aligncenter\" src=\"http:\/\/www.salondulivre-pyreneen.fr\/wp-content\/uploads\/2023\/09\/La-Montagne-W.jpg\" alt=\"\" width=\"260\" height=\"78\" \/><\/a><br \/>\n<a href=\"https:\/\/lesideesdesautres.com\/\" target=\"_blank\"><img loading=\"lazy\" decoding=\"async\" class=\"aligncenter\" title=\"Les Id\u00e9es des Autres\" src=\"http:\/\/www.salondulivre-pyreneen.fr\/wp-content\/uploads\/2022\/09\/W-Logo-ide\u0301es-des-autres.jpg\" alt=\"Logo_LesIdeesDesAutres\" width=\"212\" height=\"150\" \/><\/a><\/p>\n<p><a href=\"http:\/\/www.revue-pyrenees.com\/\" target=\"_blank\"><img loading=\"lazy\" decoding=\"async\" class=\"aligncenter\" title=\"Les Id\u00e9es des Autres\" src=\"http:\/\/www.salondulivre-pyreneen.fr\/wp-content\/uploads\/2011\/01\/Logo_Revue_Pyrenees.jpg\" alt=\"Logo_Revue_Pyrenees\" width=\"108\" height=\"100\" \/><\/a><br \/>\n<a href=\"https:\/\/www.librairie-plumeetbulles.fr\/\"><img loading=\"lazy\" decoding=\"async\" class=\"alignnone size-full wp-image-6062 aligncenter\" src=\"http:\/\/www.salondulivre-pyreneen.fr\/wp-content\/uploads\/2023\/09\/Logo-Plume-et-bulles-W.jpg\" alt=\"\" width=\"250\" height=\"163\" \/><\/a><\/p>\n<p><a href=\"https:\/\/www.facebook.com\/pages\/Le-Vent-des-Mots\/631946143661561\"><img loading=\"lazy\" decoding=\"async\" class=\"alignnone size-full wp-image-6062 aligncenter\" src=\"http:\/\/www.salondulivre-pyreneen.fr\/wp-content\/uploads\/2023\/09\/LVDM-w.jpg\" alt=\"\" width=\"250\" height=\"248\" \/><\/a><\/p>\n<p><a href=\"http:\/\/www.biotope-editions.com\/\"><img loading=\"lazy\" decoding=\"async\" class=\"alignnone size-full wp-image-6062 aligncenter\" src=\"http:\/\/www.salondulivre-pyreneen.fr\/wp-content\/uploads\/2023\/09\/biotope-editions-couleur.jpg\" alt=\"\" width=\"287\" height=\"285\" \/><\/a><br \/>\n<a href=\"https:\/\/pierreloti.eu\/\"><img loading=\"lazy\" decoding=\"async\" class=\"alignnone size-full wp-image-6062 aligncenter\" src=\"http:\/\/www.salondulivre-pyreneen.fr\/wp-content\/uploads\/2023\/09\/AIAPL-W.jpg\" alt=\"\" width=\"300\" height=\"127\" \/><\/a><br \/>\n<a href=\"https:\/\/pierreloti.eu\/\"><img loading=\"lazy\" decoding=\"async\" class=\"alignnone size-full wp-image-6062 aligncenter\" src=\"http:\/\/www.salondulivre-pyreneen.fr\/wp-content\/uploads\/2023\/09\/LOGO-H3PA_CEPB.png\" alt=\"\" width=\"302\" height=\"184\" \/><\/a><br \/>\n<a href=\"https:\/\/trobavoxeditions.com\"><img loading=\"lazy\" decoding=\"async\" class=\"alignnone size-full wp-image-6062 aligncenter\" src=\"http:\/\/www.salondulivre-pyreneen.fr\/wp-content\/uploads\/2023\/09\/Troba-vox-W.jpg\" alt=\"\" width=\"250\" height=\"207\" \/><\/a><\/p>\n<h3>Partenaires entreprises et industrie<\/h3>\n<p><a title=\"Groupama\" href=\"https:\/\/agences.groupama.fr\/assurance\/d-oc\/agence-agence-groupama-bagneres-de-bigorre-idGOC93007\" target=\"_blank\"><img loading=\"lazy\" decoding=\"async\" class=\"aligncenter\" src=\"http:\/\/www.salondulivre-pyreneen.fr\/wp-content\/uploads\/2023\/09\/Groupama-W.jpg\" alt=\"Les Grands Thermesde Bagn\u00e8res-de-Bigorre\" width=\"260\" height=\"139\" \/><\/a><\/p>\n<p><a href=\"http:\/\/www.carrepy.com\/\"><img loading=\"lazy\" decoding=\"async\" class=\"alignnone size-full wp-image-6062 aligncenter\" src=\"http:\/\/www.salondulivre-pyreneen.fr\/wp-content\/uploads\/2017\/03\/logo-carrepyhotel-22.jpg\" alt=\"logo-carrepyhotel 22\" width=\"153\" height=\"250\" \/><\/a><a href=\"http:\/\/escalescreoles.fr\/\"><img loading=\"lazy\" decoding=\"async\" class=\"alignnone size-full wp-image-6062 aligncenter\" src=\"http:\/\/www.salondulivre-pyreneen.fr\/wp-content\/uploads\/2022\/09\/Escale-T.jpg\" alt=\"\" width=\"265\" height=\"83\" \/><\/a><\/p>\n<p><a href=\"https:\/\/chez-octave.com\/\"><img loading=\"lazy\" decoding=\"async\" class=\"alignnone size-full wp-image-6062 aligncenter\" src=\"http:\/\/www.salondulivre-pyreneen.fr\/wp-content\/uploads\/2023\/09\/LOGO_Octave-T.jpg\" alt=\"\" width=\"250\" height=\"250\" \/><\/a><\/p>\n<p><a href=\"https:\/\/www.facebook.com\/obegorrabagneres\"><img loading=\"lazy\" decoding=\"async\" class=\"alignnone size-full wp-image-6062 aligncenter\" src=\"http:\/\/www.salondulivre-pyreneen.fr\/wp-content\/uploads\/2023\/09\/Logo_O_BEGORRA-W.jpg\" alt=\"\" width=\"200\" height=\"123\" \/><\/a><\/p>\n<p><a href=\"https:\/\/www.biocoopbricavrac.fr\/\"><img loading=\"lazy\" decoding=\"async\" class=\"alignnone size-full wp-image-6062 aligncenter\" src=\"http:\/\/www.salondulivre-pyreneen.fr\/wp-content\/uploads\/2023\/09\/biocoop-W.jpg\" alt=\"\" width=\"350\" height=\"71\" \/><\/a><\/p>\n<p><a href=\"https:\/\/www.facebook.com\/lecavincaveamanger\/\"><img loading=\"lazy\" decoding=\"async\" class=\"alignnone size-full wp-image-6062 aligncenter\" src=\"http:\/\/www.salondulivre-pyreneen.fr\/wp-content\/uploads\/2023\/09\/le-cavin-W.jpg\" alt=\"\" width=\"250\" height=\"250\" \/><\/a><\/p>\n<p>&nbsp;<\/p>\n<p><strong>Petites Vosges<\/strong> : 17 boulevard Carnot, 65200 Bagn\u00e8res-de-Bigorre ;<br \/>\n<a href=\"https:\/\/www.facebook.com\/CorinneDesVosges\">les petites vosges<\/a><\/p>\n<p><strong>Esprit Pyr\u00e9n\u00e9es, Maison Beloscar<\/strong> : 4 Rue Justin Dal\u00e9as \/<\/p>\n<p>65200 Bagn\u00e8res \/t\u00e9l : 06 64 40 75 65<\/p>\n<p><strong>Mondes et merveilles<\/strong> : 20 rue Victor Hugo \/ 65200 Bagn\u00e8res \/ monde-et-merveilles.fr<\/p>\n<p><strong>Christophe coiffure<\/strong> : 43 rue du G\u00e9n\u00e9ral De Gaulle \/ 65200 Bagn\u00e8res \/<\/p>\n<p>t\u00e9l : 05 62 91 09 17<\/p>\n<p><strong>P\u00e2tisserie Kookabura<\/strong> : 1 impasse Nicharre \/ 65200 Gerde<br \/>\nfacebook.com\/Kookaburra.patisserie<\/p>\n<p><strong>Tabac &#8211; Presse des 2 ponts<\/strong>, chez Celou : 41 bis rue du G\u00e9n\u00e9ral De Gaulle \/<\/p>\n<p>65200 Bagn\u00e8res \/t\u00e9l : 05 62 95 01 28<\/p>\n<p><strong>\u00c9picerie charcuterie \u00ab\u00a0Casa Het<\/strong>\u00a0\u00bb : 8 rue de la R\u00e9publique \/ 65200 Bagn\u00e8res \/<\/p>\n<p>t\u00e9l : 05 62 95 13 78<\/p>\n<p><strong>Intermarch\u00e9<\/strong> : 83 avenue de la Mongie, 65200 Pouzac \/t\u00e9l : 05 62 91 03 03<\/p>\n<p><strong>Caf\u00e9 des thermes<\/strong> : 24 place des Thermes, 65200 Bagn\u00e8res-de-Bigorre ;<\/p>\n<p>t\u00e9l : 06 81 06 37 75<\/p>\n<p><strong>Boulangerie Th\u00e9o<\/strong> : 71 rue G\u00e9n\u00e9ral de Gaulle, 65200 Bagn\u00e8res-de-Bigorre ;<\/p>\n<p>t\u00e9l : 05 62 95 04 59<\/p>\n<p><strong>Villa Bonvouloir<\/strong> : 1 rue du G\u00e9n\u00e9ral de Gaulle, 65200 Bagn\u00e8res-de-Bigorre ;<br \/>\n<a href=\"http:\/\/www.villabonvouloir.com\">villa bonvouloir<\/a><\/p>\n<p><strong>Le Monl\u00f4o Camping<\/strong>\u00a0: 6 Rte de la Plaine, 65200 Bagn\u00e8res-de-Bigorre<\/p>\n<p>Tel\u00a0: 05 62 95 19 65<br \/>\n<a href=\"https:\/\/www.lemonloo.com\">Le Monl\u00f4o Camping<\/a><\/p>\n<p><strong>P\u00e2tisserie Bordelaise<\/strong>\u00a0: 1 All. des Coustous, 65200 Bagn\u00e8res-de-Bigorre<\/p>\n<p>Tel\u00a0: 05 62 95 00 36<br \/>\n<a href=\"http:\/\/www.patisserie-bordelaise.fr\/\">patisserie-bordelaise<\/a><\/p>\n<p><strong>Kokedarium\u00a0: <\/strong>6, rue des thermes, 65200 Bagn\u00e8res-de-Bigorre<br \/>\n<a href=\"https:\/\/www.facebook.com\/profile.php?id=100040251168104\">kokedarium<\/a><br \/>\nTel\u00a0: 06 10 53 45 94<\/p>\n<p><strong>Halle \u00e0 Fish<\/strong>\u00a0: 12 Rue des Thermes, 65200 Bagn\u00e8res-de-Bigorre<\/p>\n<p>Tel\u00a0: 06 84 47 40 30<br \/>\n<a href=\"https:\/\/www.facebook.com\/halleafish\/\">halleafish<\/a><\/p>\n<p><strong>Pro&amp;cie Paye<\/strong><strong>n<\/strong>\u00a0: 11 Pl. de Strasbourg, 65200 Bagn\u00e8res-de-Bigorre<\/p>\n<p>Tel\u00a0: 05 62 95 23 83<br \/>\n<a href=\"http:\/\/www.procie-bagneres-de-bigorre.com\">Payen<\/a><\/p>\n<p><strong>Bellissima<\/strong>\u00a0: 11 Rue Victor Hugo, 65200 Bagn\u00e8res-de-Bigorre<\/p>\n<p>Tel\u00a0: 05 62 37 13 08<br \/>\n<a href=\"https:\/\/www.facebook.com\/bellissimaBagneres\/\">Bellissima<\/a><\/p>\n<p><strong>Chez Laurence\u00a0: <\/strong>12 rue Thermes Les Halles, 65200 Bagn\u00e8res-de-Bigorre<\/p>\n<p><strong> Esprit montagne <\/strong>4 Bd.Carnot, 65200 Bagn\u00e8res-de-Bigorre<br \/>\n<a href=\"https:\/\/www.facebook.com\/espritmontagnepyrenees\/\">Esprit montagne<\/a><\/p>\n","protected":false},"excerpt":{"rendered":"<p>Le Salon du Livre Pyr\u00e9n\u00e9en remercie vivement ses partenaires ! Partenaires institutionnels \u00a0\u00a0.\u00a0 \u00a0.\u00a0\u00a0\u00a0 Partenaires professionnels du livre et de la culture \u00a0 \u00a0 \u00a0 \u00a0 \u00a0 \u00a0\u00a0 \u00a0\u00a0\u00a0 \u00a0 \u00a0 \u00a0 \u00a0 \u00a0 \u00a0 \u00a0 \u00a0\u00a0 \u00a0 \u00a0 \u00a0 \u00a0 \u00a0 \u00a0 \u00a0 \u00a0 \u00a0 \u00a0 \u00a0\u00a0 Partenaires entreprises et industrie &nbsp; Petites Vosges [&hellip;]<\/p>\n","protected":false},"author":1,"featured_media":0,"parent":0,"menu_order":5,"comment_status":"closed","ping_status":"closed","template":"","meta":{"footnotes":""},"class_list":["post-2696","page","type-page","status-publish","hentry"],"_links":{"self":[{"href":"https:\/\/www.salondulivre-pyreneen.fr\/index.php?rest_route=\/wp\/v2\/pages\/2696","targetHints":{"allow":["GET"]}}],"collection":[{"href":"https:\/\/www.salondulivre-pyreneen.fr\/index.php?rest_route=\/wp\/v2\/pages"}],"about":[{"href":"https:\/\/www.salondulivre-pyreneen.fr\/index.php?rest_route=\/wp\/v2\/types\/page"}],"author":[{"embeddable":true,"href":"https:\/\/www.salondulivre-pyreneen.fr\/index.php?rest_route=\/wp\/v2\/users\/1"}],"replies":[{"embeddable":true,"href":"https:\/\/www.salondulivre-pyreneen.fr\/index.php?rest_route=%2Fwp%2Fv2%2Fcomments&post=2696"}],"version-history":[{"count":5,"href":"https:\/\/www.salondulivre-pyreneen.fr\/index.php?rest_route=\/wp\/v2\/pages\/2696\/revisions"}],"predecessor-version":[{"id":6966,"href":"https:\/\/www.salondulivre-pyreneen.fr\/index.php?rest_route=\/wp\/v2\/pages\/2696\/revisions\/6966"}],"wp:attachment":[{"href":"https:\/\/www.salondulivre-pyreneen.fr\/index.php?rest_route=%2Fwp%2Fv2%2Fmedia&parent=2696"}],"curies":[{"name":"wp","href":"https:\/\/api.w.org\/{rel}","templated":true}]}}