{"id":2725,"date":"2017-03-27T12:45:33","date_gmt":"2017-03-27T10:45:33","guid":{"rendered":"http:\/\/www.salondulivre-pyreneen.fr\/?page_id=2725"},"modified":"2023-06-12T11:21:21","modified_gmt":"2023-06-12T09:21:21","slug":"presentation-objets","status":"publish","type":"page","link":"https:\/\/www.salondulivre-pyreneen.fr\/?page_id=2725","title":{"rendered":"L&#8217;association"},"content":{"rendered":"<p>L\u2019<strong>association Binaros<\/strong> a \u00e9t\u00e9 constitu\u00e9e en septembre 2008 autour d\u2019un projet principal\u00a0: la cr\u00e9ation du <strong>Salon du Livre Pyr\u00e9n\u00e9en<\/strong>.<\/p>\n<p><strong>Une association qui s&#8217;ouvre<\/strong><br \/>\nLe 17 novembre 2014, lors d&#8217;une assembl\u00e9e g\u00e9n\u00e9rale extraordinaire, l&#8217;association Binaros a adopt\u00e9 des <a href=\"http:\/\/www.salondulivre-pyreneen.fr\/wp-content\/uploads\/2017\/03\/statuts-2018-sign\u00e9s.pdf\">statuts<\/a> qui permettent \u00e0 tous ceux qui le d\u00e9sirent d&#8217;en \u00eatre membre et d&#8217;y participer. En particulier, un deuxi\u00e8me coll\u00e8ge, ouvert aux acteurs du livre pyr\u00e9n\u00e9en, plus largement de l&#8217;\u00e9dition culturelle pyr\u00e9n\u00e9enne, permet aux professionnels d&#8217;apporter leurs savoirs et leurs propositions pour la r\u00e9alisation des objectifs de Binaros. (<a title=\"Bulletin d'adh\u00e9sion \u00e0 l'association Binaros - Salon du Livre Pyr\u00e9n\u00e9en\" href=\"http:\/\/www.salondulivre-pyreneen.fr\/wp-content\/uploads\/2023\/06\/2023-Bulletin-adhe\u0301sion.pdf\">Bulletin d&#8217;adh\u00e9sion<\/a>)<\/p>\n<p><img loading=\"lazy\" decoding=\"async\" class=\"aligncenter size-full wp-image-449\" title=\"Photo C\u00e9dric N\u00f6t\/Binaros 2019\" src=\"http:\/\/www.salondulivre-pyreneen.fr\/wp-content\/uploads\/2021\/03\/Pre\u0301sentation-T800.jpg\" alt=\"Photo C\u00e9dric N\u00f6t\/Binaros 2019\" width=\"450\" height=\"283\" \/><\/p>\n<p style=\"text-align: center;\">\u00a0 (Photo C\u00e9dric N\u00f6t\/Binaros 2019)<\/p>\n","protected":false},"excerpt":{"rendered":"<p>L\u2019association Binaros a \u00e9t\u00e9 constitu\u00e9e en septembre 2008 autour d\u2019un projet principal\u00a0: la cr\u00e9ation du Salon du Livre Pyr\u00e9n\u00e9en. Une association qui s&#8217;ouvre Le 17 novembre 2014, lors d&#8217;une assembl\u00e9e g\u00e9n\u00e9rale extraordinaire, l&#8217;association Binaros a adopt\u00e9 des statuts qui permettent \u00e0 tous ceux qui le d\u00e9sirent d&#8217;en \u00eatre membre et d&#8217;y participer. En particulier, un [&hellip;]<\/p>\n","protected":false},"author":1,"featured_media":0,"parent":2722,"menu_order":1,"comment_status":"closed","ping_status":"closed","template":"","meta":{"footnotes":""},"class_list":["post-2725","page","type-page","status-publish","hentry"],"_links":{"self":[{"href":"https:\/\/www.salondulivre-pyreneen.fr\/index.php?rest_route=\/wp\/v2\/pages\/2725","targetHints":{"allow":["GET"]}}],"collection":[{"href":"https:\/\/www.salondulivre-pyreneen.fr\/index.php?rest_route=\/wp\/v2\/pages"}],"about":[{"href":"https:\/\/www.salondulivre-pyreneen.fr\/index.php?rest_route=\/wp\/v2\/types\/page"}],"author":[{"embeddable":true,"href":"https:\/\/www.salondulivre-pyreneen.fr\/index.php?rest_route=\/wp\/v2\/users\/1"}],"replies":[{"embeddable":true,"href":"https:\/\/www.salondulivre-pyreneen.fr\/index.php?rest_route=%2Fwp%2Fv2%2Fcomments&post=2725"}],"version-history":[{"count":5,"href":"https:\/\/www.salondulivre-pyreneen.fr\/index.php?rest_route=\/wp\/v2\/pages\/2725\/revisions"}],"predecessor-version":[{"id":6723,"href":"https:\/\/www.salondulivre-pyreneen.fr\/index.php?rest_route=\/wp\/v2\/pages\/2725\/revisions\/6723"}],"up":[{"embeddable":true,"href":"https:\/\/www.salondulivre-pyreneen.fr\/index.php?rest_route=\/wp\/v2\/pages\/2722"}],"wp:attachment":[{"href":"https:\/\/www.salondulivre-pyreneen.fr\/index.php?rest_route=%2Fwp%2Fv2%2Fmedia&parent=2725"}],"curies":[{"name":"wp","href":"https:\/\/api.w.org\/{rel}","templated":true}]}}