{"id":2729,"date":"2017-03-27T12:47:56","date_gmt":"2017-03-27T10:47:56","guid":{"rendered":"http:\/\/www.salondulivre-pyreneen.fr\/?page_id=2729"},"modified":"2025-04-15T14:18:08","modified_gmt":"2025-04-15T12:18:08","slug":"adherer","status":"publish","type":"page","link":"https:\/\/www.salondulivre-pyreneen.fr\/?page_id=2729","title":{"rendered":"Adh\u00e9rer &#038; Soutenir"},"content":{"rendered":"<h3>Bulletin d&#8217;adh\u00e9sion:<\/h3>\n<p><span style=\"color: #ff0000;\">Lien :<\/span>\u00a0\u00a0<a href=\"http:\/\/www.salondulivre-pyreneen.fr\/wp-content\/uploads\/2009\/08\/2025-Bulletin-adhe%CC%81sion.pdf\">T\u00e9l\u00e9charger le bulletin d&#8217;adh\u00e9sion<\/a><\/p>\n<p>Nous faisons le choix d&#8217;adh\u00e9sions peu \u00e9lev\u00e9es (12 \u20ac),\u00a0pour permettre au plus grand nombre de nous soutenir et \u00e0 toutes celles et ceux qui le souhaitent de participer \u00e0 l&#8217;\u00e9laboration de nos actions et y participer. Cette marque de soutien toujours importante est particuli\u00e8rement essentielle dans le contexte actuel o\u00f9 s&#8217;accroissent les difficult\u00e9s notamment financi\u00e8res.<br \/>\nMerci d&#8217;avance pour votre soutien par l&#8217;adh\u00e9sion et au-del\u00e0 du don.<\/p>\n<p>Nouveaut\u00e9s :<\/p>\n<p>La cotisation et les dons faits \u00e0 l&#8217;association ouvrent droit \u00e0 une r\u00e9duction d&#8217;imp\u00f4ts.<\/p>\n<p>En adh\u00e9rant vous avez la possibilit\u00e9 de vous abonner au journal La Montagne des Hautes Pyr\u00e9n\u00e9es \u00e0 un tarif pr\u00e9f\u00e9rentiel de 12 \u20ac.<\/p>\n<p>Adh\u00e9sions et dons par courrier ou par Helloasso :\u00a0<a href=\"https:\/\/www.helloasso.com\/associations\/binaros\" target=\"_blank\" rel=\"noopener\">https:\/\/www.helloasso.com\/associations\/binaros<\/a><\/p>\n","protected":false},"excerpt":{"rendered":"<p>Bulletin d&#8217;adh\u00e9sion: Lien :\u00a0\u00a0T\u00e9l\u00e9charger le bulletin d&#8217;adh\u00e9sion Nous faisons le choix d&#8217;adh\u00e9sions peu \u00e9lev\u00e9es (12 \u20ac),\u00a0pour permettre au plus grand nombre de nous soutenir et \u00e0 toutes celles et ceux qui le souhaitent de participer \u00e0 l&#8217;\u00e9laboration de nos actions et y participer. Cette marque de soutien toujours importante est particuli\u00e8rement essentielle dans le contexte [&hellip;]<\/p>\n","protected":false},"author":1,"featured_media":0,"parent":2722,"menu_order":2,"comment_status":"closed","ping_status":"closed","template":"","meta":{"footnotes":""},"class_list":["post-2729","page","type-page","status-publish","hentry"],"_links":{"self":[{"href":"https:\/\/www.salondulivre-pyreneen.fr\/index.php?rest_route=\/wp\/v2\/pages\/2729","targetHints":{"allow":["GET"]}}],"collection":[{"href":"https:\/\/www.salondulivre-pyreneen.fr\/index.php?rest_route=\/wp\/v2\/pages"}],"about":[{"href":"https:\/\/www.salondulivre-pyreneen.fr\/index.php?rest_route=\/wp\/v2\/types\/page"}],"author":[{"embeddable":true,"href":"https:\/\/www.salondulivre-pyreneen.fr\/index.php?rest_route=\/wp\/v2\/users\/1"}],"replies":[{"embeddable":true,"href":"https:\/\/www.salondulivre-pyreneen.fr\/index.php?rest_route=%2Fwp%2Fv2%2Fcomments&post=2729"}],"version-history":[{"count":4,"href":"https:\/\/www.salondulivre-pyreneen.fr\/index.php?rest_route=\/wp\/v2\/pages\/2729\/revisions"}],"predecessor-version":[{"id":7294,"href":"https:\/\/www.salondulivre-pyreneen.fr\/index.php?rest_route=\/wp\/v2\/pages\/2729\/revisions\/7294"}],"up":[{"embeddable":true,"href":"https:\/\/www.salondulivre-pyreneen.fr\/index.php?rest_route=\/wp\/v2\/pages\/2722"}],"wp:attachment":[{"href":"https:\/\/www.salondulivre-pyreneen.fr\/index.php?rest_route=%2Fwp%2Fv2%2Fmedia&parent=2729"}],"curies":[{"name":"wp","href":"https:\/\/api.w.org\/{rel}","templated":true}]}}