{"id":5,"date":"2011-01-08T18:12:36","date_gmt":"2011-01-08T16:12:36","guid":{"rendered":"http:\/\/feelsofood.com\/pyr\/?page_id=5"},"modified":"2026-03-10T11:06:14","modified_gmt":"2026-03-10T09:06:14","slug":"accueil","status":"publish","type":"page","link":"https:\/\/www.salondulivre-pyreneen.fr\/","title":{"rendered":"Le 17e Salon du Livre Pyr\u00e9n\u00e9en 2026 : 03 et 04 octobre 2026"},"content":{"rendered":"<h3><\/h3>\n<p>Fond\u00e9 en 2010 par St\u00e9phane L\u00c9V\u00caQUE et Sylvio BRIANTI, le\u00a0<strong>Salon du Livre Pyr\u00e9n\u00e9en<\/strong> est devenu un \u00e9v\u00e9nement litt\u00e9raire incontournable dans les Pyr\u00e9n\u00e9es : 2026 verra la 17e \u00e9dition du Salon du Livre Pyr\u00e9n\u00e9en.<\/p>\n<p>Plus d&#8217;informations et modalit\u00e9s d&#8217;inscription ici -&gt; <a href=\"http:\/\/www.salondulivre-pyreneen.fr\/?page_id=2692\">Comment Participer<\/a><\/p>\n<p>&nbsp;<\/p>\n<p><a href=\"http:\/\/www.salondulivre-pyreneen.fr\/wp-content\/uploads\/2025\/08\/FINAL-Programme-Salon-2025-_WEB.pdf\" target=\"_blank\" rel=\"noopener\"><img loading=\"lazy\" decoding=\"async\" class=\"size-medium wp-image-7357 aligncenter\" src=\"http:\/\/www.salondulivre-pyreneen.fr\/wp-content\/uploads\/2025\/08\/FINAL-Programme-Salon-2025-_WEB-page-1-212x300.jpg\" alt=\"\" width=\"212\" height=\"300\" srcset=\"https:\/\/www.salondulivre-pyreneen.fr\/wp-content\/uploads\/2025\/08\/FINAL-Programme-Salon-2025-_WEB-page-1-212x300.jpg 212w, https:\/\/www.salondulivre-pyreneen.fr\/wp-content\/uploads\/2025\/08\/FINAL-Programme-Salon-2025-_WEB-page-1-722x1024.jpg 722w, https:\/\/www.salondulivre-pyreneen.fr\/wp-content\/uploads\/2025\/08\/FINAL-Programme-Salon-2025-_WEB-page-1-768x1089.jpg 768w, https:\/\/www.salondulivre-pyreneen.fr\/wp-content\/uploads\/2025\/08\/FINAL-Programme-Salon-2025-_WEB-page-1.jpg 875w\" sizes=\"auto, (max-width: 212px) 100vw, 212px\" \/><\/a><\/p>\n<p>&nbsp;<\/p>\n","protected":false},"excerpt":{"rendered":"<p>Fond\u00e9 en 2010 par St\u00e9phane L\u00c9V\u00caQUE et Sylvio BRIANTI, le\u00a0Salon du Livre Pyr\u00e9n\u00e9en est devenu un \u00e9v\u00e9nement litt\u00e9raire incontournable dans les Pyr\u00e9n\u00e9es : 2026 verra la 17e \u00e9dition du Salon du Livre Pyr\u00e9n\u00e9en. Plus d&#8217;informations et modalit\u00e9s d&#8217;inscription ici -&gt; Comment Participer &nbsp; &nbsp;<\/p>\n","protected":false},"author":1,"featured_media":0,"parent":0,"menu_order":0,"comment_status":"open","ping_status":"open","template":"homepage.php","meta":{"footnotes":""},"class_list":["post-5","page","type-page","status-publish","hentry"],"_links":{"self":[{"href":"https:\/\/www.salondulivre-pyreneen.fr\/index.php?rest_route=\/wp\/v2\/pages\/5","targetHints":{"allow":["GET"]}}],"collection":[{"href":"https:\/\/www.salondulivre-pyreneen.fr\/index.php?rest_route=\/wp\/v2\/pages"}],"about":[{"href":"https:\/\/www.salondulivre-pyreneen.fr\/index.php?rest_route=\/wp\/v2\/types\/page"}],"author":[{"embeddable":true,"href":"https:\/\/www.salondulivre-pyreneen.fr\/index.php?rest_route=\/wp\/v2\/users\/1"}],"replies":[{"embeddable":true,"href":"https:\/\/www.salondulivre-pyreneen.fr\/index.php?rest_route=%2Fwp%2Fv2%2Fcomments&post=5"}],"version-history":[{"count":5,"href":"https:\/\/www.salondulivre-pyreneen.fr\/index.php?rest_route=\/wp\/v2\/pages\/5\/revisions"}],"predecessor-version":[{"id":7395,"href":"https:\/\/www.salondulivre-pyreneen.fr\/index.php?rest_route=\/wp\/v2\/pages\/5\/revisions\/7395"}],"wp:attachment":[{"href":"https:\/\/www.salondulivre-pyreneen.fr\/index.php?rest_route=%2Fwp%2Fv2%2Fmedia&parent=5"}],"curies":[{"name":"wp","href":"https:\/\/api.w.org\/{rel}","templated":true}]}}